{"id":322,"date":"2025-06-18T17:29:57","date_gmt":"2025-06-18T15:29:57","guid":{"rendered":"https:\/\/pilargomezalvarez.com\/descargo-de-responsabilidad\/"},"modified":"2025-10-13T21:01:08","modified_gmt":"2025-10-13T19:01:08","slug":"disclaimer","status":"publish","type":"page","link":"https:\/\/pilargomezalvarez.com\/es\/disclaimer\/","title":{"rendered":"Descargo de Responsabilidad de la consulta."},"content":{"rendered":"<div data-elementor-type=\"wp-page\" data-elementor-id=\"322\" class=\"elementor elementor-322\" data-elementor-post-type=\"page\">\n\t\t\t\t<div class=\"elementor-element elementor-element-bffdc53 e-con-full e-flex e-con e-parent\" data-id=\"bffdc53\" data-element_type=\"container\" data-e-type=\"container\" data-settings=\"{&quot;shape_divider_top&quot;:&quot;mountains&quot;}\">\n\t\t\t\t<div class=\"elementor-shape elementor-shape-top\" aria-hidden=\"true\" data-negative=\"false\">\n\t\t\t<svg xmlns=\"http:\/\/www.w3.org\/2000\/svg\" viewbox=\"0 0 1000 100\" preserveaspectratio=\"none\">\n\t<path class=\"elementor-shape-fill\" opacity=\"0.33\" d=\"M473,67.3c-203.9,88.3-263.1-34-320.3,0C66,119.1,0,59.7,0,59.7V0h1000v59.7 c0,0-62.1,26.1-94.9,29.3c-32.8,3.3-62.8-12.3-75.8-22.1C806,49.6,745.3,8.7,694.9,4.7S492.4,59,473,67.3z\"\/>\n\t<path class=\"elementor-shape-fill\" opacity=\"0.66\" d=\"M734,67.3c-45.5,0-77.2-23.2-129.1-39.1c-28.6-8.7-150.3-10.1-254,39.1 s-91.7-34.4-149.2,0C115.7,118.3,0,39.8,0,39.8V0h1000v36.5c0,0-28.2-18.5-92.1-18.5C810.2,18.1,775.7,67.3,734,67.3z\"\/>\n\t<path class=\"elementor-shape-fill\" d=\"M766.1,28.9c-200-57.5-266,65.5-395.1,19.5C242,1.8,242,5.4,184.8,20.6C128,35.8,132.3,44.9,89.9,52.5C28.6,63.7,0,0,0,0 h1000c0,0-9.9,40.9-83.6,48.1S829.6,47,766.1,28.9z\"\/>\n<\/svg>\t\t<\/div>\n\t\t\t\t<div class=\"elementor-element elementor-element-c49800e elementor-widget elementor-widget-heading\" data-id=\"c49800e\" data-element_type=\"widget\" data-e-type=\"widget\" data-widget_type=\"heading.default\">\n\t\t\t\t<div class=\"elementor-widget-container\">\n\t\t\t\t\t<h2 class=\"elementor-heading-title elementor-size-default\">Descargo de Responsabilidad de la consulta.<\/h2>\t\t\t\t<\/div>\n\t\t\t\t<\/div>\n\t\t\t\t<div class=\"elementor-element elementor-element-5917078 elementor-widget elementor-widget-text-editor\" data-id=\"5917078\" data-element_type=\"widget\" data-e-type=\"widget\" data-widget_type=\"text-editor.default\">\n\t\t\t\t<div class=\"elementor-widget-container\">\n\t\t\t\t\t\t\t\t\t<p>La informaci\u00f3n proporcionada en esta consulta o taller de astrolog\u00eda es para <strong>prop\u00f3sitos educativos y de crecimiento personal \u00fanicamente<\/strong>. La <strong>actividad no pretende sustituir el asesoramiento m\u00e9dico, psicol\u00f3gico o terap\u00e9utico profesional.<\/strong>. Si bien la astrolog\u00eda con enfoque psicol\u00f3gico puede ofrecer informaci\u00f3n valiosa, <strong>no es una forma de terapia<\/strong>. Busca siempre la orientaci\u00f3n de un profesional de la salud calificado, un terapeuta con licencia, un coach u otro experto adecuado para cualquier inquietud relacionada con tu salud, bienestar o estado mental.<\/p>\t\t\t\t\t\t\t\t<\/div>\n\t\t\t\t<\/div>\n\t\t\t\t<\/div>\n\t\t\t\t<\/div>","protected":false},"excerpt":{"rendered":"<p>Disclaimer The information provided in this astrology consultation or workshop is for educational and personal growth purposes only. It is not intended as a substitute for professional medical, psychological, or therapeutic advice. While astrology with a psychological focus may offer valuable insights, it is not a form of therapy. Always seek the guidance of a [&hellip;]<\/p>\n","protected":false},"author":1,"featured_media":0,"parent":0,"menu_order":0,"comment_status":"closed","ping_status":"closed","template":"","meta":{"footnotes":""},"class_list":["post-322","page","type-page","status-publish","hentry"],"yoast_head":"<!-- This site is optimized with the Yoast SEO plugin v27.4 - https:\/\/yoast.com\/product\/yoast-seo-wordpress\/ -->\n<title>Disclaimer - Astrology For Personal Growth<\/title>\n<meta name=\"robots\" content=\"index, follow, max-snippet:-1, max-image-preview:large, max-video-preview:-1\" \/>\n<link rel=\"canonical\" href=\"https:\/\/pilargomezalvarez.com\/es\/disclaimer\/\" \/>\n<meta property=\"og:locale\" content=\"es_ES\" \/>\n<meta property=\"og:type\" content=\"article\" \/>\n<meta property=\"og:title\" content=\"Disclaimer - Astrology For Personal Growth\" \/>\n<meta property=\"og:description\" content=\"Disclaimer The information provided in this astrology consultation or workshop is for educational and personal growth purposes only. It is not intended as a substitute for professional medical, psychological, or therapeutic advice. While astrology with a psychological focus may offer valuable insights, it is not a form of therapy. Always seek the guidance of a [&hellip;]\" \/>\n<meta property=\"og:url\" content=\"https:\/\/pilargomezalvarez.com\/es\/disclaimer\/\" \/>\n<meta property=\"og:site_name\" content=\"Astrology For Personal Growth\" \/>\n<meta property=\"article:modified_time\" content=\"2025-10-13T19:01:08+00:00\" \/>\n<meta name=\"twitter:card\" content=\"summary_large_image\" \/>\n<meta name=\"twitter:label1\" content=\"Tiempo estimado de lectura\" \/>\n\t<meta name=\"twitter:data1\" content=\"1 minuto\" \/>\n<script type=\"application\/ld+json\" class=\"yoast-schema-graph\">{\"@context\":\"https:\\\/\\\/schema.org\",\"@graph\":[{\"@type\":\"WebPage\",\"@id\":\"https:\\\/\\\/pilargomezalvarez.com\\\/disclaimer\\\/\",\"url\":\"https:\\\/\\\/pilargomezalvarez.com\\\/disclaimer\\\/\",\"name\":\"Disclaimer - Astrology For Personal Growth\",\"isPartOf\":{\"@id\":\"https:\\\/\\\/pilargomezalvarez.com\\\/#website\"},\"datePublished\":\"2025-06-18T15:29:57+00:00\",\"dateModified\":\"2025-10-13T19:01:08+00:00\",\"breadcrumb\":{\"@id\":\"https:\\\/\\\/pilargomezalvarez.com\\\/disclaimer\\\/#breadcrumb\"},\"inLanguage\":\"es-CL\",\"potentialAction\":[{\"@type\":\"ReadAction\",\"target\":[\"https:\\\/\\\/pilargomezalvarez.com\\\/disclaimer\\\/\"]}]},{\"@type\":\"BreadcrumbList\",\"@id\":\"https:\\\/\\\/pilargomezalvarez.com\\\/disclaimer\\\/#breadcrumb\",\"itemListElement\":[{\"@type\":\"ListItem\",\"position\":1,\"name\":\"Portada\",\"item\":\"https:\\\/\\\/pilargomezalvarez.com\\\/\"},{\"@type\":\"ListItem\",\"position\":2,\"name\":\"Disclaimer\"}]},{\"@type\":\"WebSite\",\"@id\":\"https:\\\/\\\/pilargomezalvarez.com\\\/#website\",\"url\":\"https:\\\/\\\/pilargomezalvarez.com\\\/\",\"name\":\"Astrology For Personal Growth\",\"description\":\"Inspiring Self-discovery; Enlightening your journey.\",\"potentialAction\":[{\"@type\":\"SearchAction\",\"target\":{\"@type\":\"EntryPoint\",\"urlTemplate\":\"https:\\\/\\\/pilargomezalvarez.com\\\/?s={search_term_string}\"},\"query-input\":{\"@type\":\"PropertyValueSpecification\",\"valueRequired\":true,\"valueName\":\"search_term_string\"}}],\"inLanguage\":\"es-CL\"}]}<\/script>\n<!-- \/ Yoast SEO plugin. -->","yoast_head_json":{"title":"Disclaimer - Astrology For Personal Growth","robots":{"index":"index","follow":"follow","max-snippet":"max-snippet:-1","max-image-preview":"max-image-preview:large","max-video-preview":"max-video-preview:-1"},"canonical":"https:\/\/pilargomezalvarez.com\/es\/disclaimer\/","og_locale":"es_ES","og_type":"article","og_title":"Disclaimer - Astrology For Personal Growth","og_description":"Disclaimer The information provided in this astrology consultation or workshop is for educational and personal growth purposes only. It is not intended as a substitute for professional medical, psychological, or therapeutic advice. While astrology with a psychological focus may offer valuable insights, it is not a form of therapy. Always seek the guidance of a [&hellip;]","og_url":"https:\/\/pilargomezalvarez.com\/es\/disclaimer\/","og_site_name":"Astrology For Personal Growth","article_modified_time":"2025-10-13T19:01:08+00:00","twitter_card":"summary_large_image","twitter_misc":{"Tiempo estimado de lectura":"1 minuto"},"schema":{"@context":"https:\/\/schema.org","@graph":[{"@type":"WebPage","@id":"https:\/\/pilargomezalvarez.com\/disclaimer\/","url":"https:\/\/pilargomezalvarez.com\/disclaimer\/","name":"Disclaimer - Astrology For Personal Growth","isPartOf":{"@id":"https:\/\/pilargomezalvarez.com\/#website"},"datePublished":"2025-06-18T15:29:57+00:00","dateModified":"2025-10-13T19:01:08+00:00","breadcrumb":{"@id":"https:\/\/pilargomezalvarez.com\/disclaimer\/#breadcrumb"},"inLanguage":"es-CL","potentialAction":[{"@type":"ReadAction","target":["https:\/\/pilargomezalvarez.com\/disclaimer\/"]}]},{"@type":"BreadcrumbList","@id":"https:\/\/pilargomezalvarez.com\/disclaimer\/#breadcrumb","itemListElement":[{"@type":"ListItem","position":1,"name":"Portada","item":"https:\/\/pilargomezalvarez.com\/"},{"@type":"ListItem","position":2,"name":"Disclaimer"}]},{"@type":"WebSite","@id":"https:\/\/pilargomezalvarez.com\/#website","url":"https:\/\/pilargomezalvarez.com\/","name":"Astrology For Personal Growth","description":"Inspiring Self-discovery; Enlightening your journey.","potentialAction":[{"@type":"SearchAction","target":{"@type":"EntryPoint","urlTemplate":"https:\/\/pilargomezalvarez.com\/?s={search_term_string}"},"query-input":{"@type":"PropertyValueSpecification","valueRequired":true,"valueName":"search_term_string"}}],"inLanguage":"es-CL"}]}},"_links":{"self":[{"href":"https:\/\/pilargomezalvarez.com\/es\/wp-json\/wp\/v2\/pages\/322","targetHints":{"allow":["GET"]}}],"collection":[{"href":"https:\/\/pilargomezalvarez.com\/es\/wp-json\/wp\/v2\/pages"}],"about":[{"href":"https:\/\/pilargomezalvarez.com\/es\/wp-json\/wp\/v2\/types\/page"}],"author":[{"embeddable":true,"href":"https:\/\/pilargomezalvarez.com\/es\/wp-json\/wp\/v2\/users\/1"}],"replies":[{"embeddable":true,"href":"https:\/\/pilargomezalvarez.com\/es\/wp-json\/wp\/v2\/comments?post=322"}],"version-history":[{"count":8,"href":"https:\/\/pilargomezalvarez.com\/es\/wp-json\/wp\/v2\/pages\/322\/revisions"}],"predecessor-version":[{"id":1344,"href":"https:\/\/pilargomezalvarez.com\/es\/wp-json\/wp\/v2\/pages\/322\/revisions\/1344"}],"wp:attachment":[{"href":"https:\/\/pilargomezalvarez.com\/es\/wp-json\/wp\/v2\/media?parent=322"}],"curies":[{"name":"wp","href":"https:\/\/api.w.org\/{rel}","templated":true}]}}