{"id":320,"date":"2025-06-18T17:29:57","date_gmt":"2025-06-18T15:29:57","guid":{"rendered":"https:\/\/pilargomezalvarez.com\/declaracion-de-privacidad-ue\/"},"modified":"2025-08-31T19:46:20","modified_gmt":"2025-08-31T17:46:20","slug":"privacy-statement-eu","status":"publish","type":"page","link":"https:\/\/pilargomezalvarez.com\/es\/privacy-statement-eu\/","title":{"rendered":"Declaraci\u00f3n de Privacidad (UE)"},"content":{"rendered":"<div data-elementor-type=\"wp-page\" data-elementor-id=\"320\" class=\"elementor elementor-320\" data-elementor-post-type=\"page\">\n\t\t\t\t<div class=\"elementor-element elementor-element-c087c0a e-con-full e-flex e-con e-parent\" data-id=\"c087c0a\" data-element_type=\"container\" data-e-type=\"container\" data-settings=\"{&quot;shape_divider_top&quot;:&quot;mountains&quot;}\">\n\t\t\t\t<div class=\"elementor-shape elementor-shape-top\" aria-hidden=\"true\" data-negative=\"false\">\n\t\t\t<svg xmlns=\"http:\/\/www.w3.org\/2000\/svg\" viewbox=\"0 0 1000 100\" preserveaspectratio=\"none\">\n\t<path class=\"elementor-shape-fill\" opacity=\"0.33\" d=\"M473,67.3c-203.9,88.3-263.1-34-320.3,0C66,119.1,0,59.7,0,59.7V0h1000v59.7 c0,0-62.1,26.1-94.9,29.3c-32.8,3.3-62.8-12.3-75.8-22.1C806,49.6,745.3,8.7,694.9,4.7S492.4,59,473,67.3z\"\/>\n\t<path class=\"elementor-shape-fill\" opacity=\"0.66\" d=\"M734,67.3c-45.5,0-77.2-23.2-129.1-39.1c-28.6-8.7-150.3-10.1-254,39.1 s-91.7-34.4-149.2,0C115.7,118.3,0,39.8,0,39.8V0h1000v36.5c0,0-28.2-18.5-92.1-18.5C810.2,18.1,775.7,67.3,734,67.3z\"\/>\n\t<path class=\"elementor-shape-fill\" d=\"M766.1,28.9c-200-57.5-266,65.5-395.1,19.5C242,1.8,242,5.4,184.8,20.6C128,35.8,132.3,44.9,89.9,52.5C28.6,63.7,0,0,0,0 h1000c0,0-9.9,40.9-83.6,48.1S829.6,47,766.1,28.9z\"\/>\n<\/svg>\t\t<\/div>\n\t\t\t\t<div class=\"elementor-element elementor-element-3c39b47 elementor-widget elementor-widget-heading\" data-id=\"3c39b47\" data-element_type=\"widget\" data-e-type=\"widget\" data-widget_type=\"heading.default\">\n\t\t\t\t<div class=\"elementor-widget-container\">\n\t\t\t\t\t<h2 class=\"elementor-heading-title elementor-size-default\">Declaraci\u00f3n de Privacidad (UE)<\/h2>\t\t\t\t<\/div>\n\t\t\t\t<\/div>\n\t\t\t\t<\/div>\n\t\t<div class=\"elementor-element elementor-element-2a3c9ed9 e-con-full e-flex e-con e-parent\" data-id=\"2a3c9ed9\" data-element_type=\"container\" data-e-type=\"container\">\n\t\t\t\t<div class=\"elementor-element elementor-element-60466811 elementor-widget__width-inherit elementor-widget elementor-widget-shortcode\" data-id=\"60466811\" data-element_type=\"widget\" data-e-type=\"widget\" data-widget_type=\"shortcode.default\">\n\t\t\t\t<div class=\"elementor-widget-container\">\n\t\t\t\t\t\t\t<div class=\"elementor-shortcode\">\n<!-- Legal document generated by Complianz | GDPR\/CCPA Cookie Consent https:\/\/wordpress.org\/plugins\/complianz-gdpr -->\n<div id=\"cmplz-document\" class=\"cmplz-document privacy-statement cmplz-document-eu\"><p><i>Esta declaraci\u00f3n de privacidad se actualiz\u00f3 por \u00faltima vez el 03\/02\/2026 y se aplica a los ciudadanos y residentes legales permanentes del Espacio Econ\u00f3mico Europeo y Suiza.<\/i><br \/><br \/><\/p><p><p>En esta declaraci\u00f3n de privacidad, explicamos qu\u00e9 hacemos con los datos que obtenemos sobre usted a trav\u00e9s de <a href=\"https:\/\/pilargomezalvarez.com\/es\">https:\/\/pilargomezalvarez.com\/es<\/a>. Le recomendamos que lea atentamente esta declaraci\u00f3n. En nuestro procesamiento cumplimos con los requisitos de la legislaci\u00f3n sobre privacidad. Eso significa, entre otras cosas, que:<\/p><ul>\n                <li>explicamos claramente los fines para los que tratamos los datos personales. Lo hacemos mediante esta declaraci\u00f3n de privacidad;<\/li>\n                <li>nuestro objetivo es limitar la recopilaci\u00f3n de datos personales \u00fanicamente a los datos personales necesarios para fines leg\u00edtimos;<\/li>\n                <li>en primer lugar, solicitamos su consentimiento expl\u00edcito para procesar sus datos personales en los casos que lo requieran;<\/li>\n                <li>tomamos las medidas de seguridad adecuadas para proteger sus datos personales y tambi\u00e9n exigimos lo mismo a las partes que procesan datos personales en nuestro nombre;<\/li>\n                <li>respetamos su derecho a acceder a sus datos personales o a que se corrijan o eliminen, si as\u00ed lo solicita.<\/li>\n            <\/ul><p>Si tienes alguna pregunta o deseas saber exactamente qu\u00e9 datos conservamos sobre ti, ponte en contacto con nosotros.<\/p><\/p><h2>1. Finalidad, datos y periodo de retenci\u00f3n<\/h2>Podemos recopilar o recibir informaci\u00f3n personal para diversos fines relacionados con nuestras operaciones comerciales, entre los que se incluyen los siguientes: (haga clic para ampliar)<details class=\"cmplz-dropdown dropdown-privacy-statement\"><summary><div><h3>1.1 Contacto: por tel\u00e9fono, correo postal, correo electr\u00f3nico y\/o formularios web<\/h3><\/div><\/summary><p class=\"cmplz-subtitle\">Para ello utilizamos los siguientes datos:<\/p><p><ul><li>Nombre y apellido<\/li><li>Correo electr\u00f3nico<\/li><li>N\u00famero de tel\u00e9fono<\/li><li>Fecha de nacimiento<\/li><li>Datos de geolocalizaci\u00f3n<\/li><li>Una direcci\u00f3n particular u otra direcci\u00f3n f\u00edsica, incluyendo el nombre de la calle y el nombre de la ciudad o pueblo.<\/li><\/ul><\/p><p class=\"cmplz-subtitle\">La base sobre la que podemos procesar estos datos es:<\/p><p><a target=\"_blank\" rel=\"noopener noreferrer nofollow\" href=\"https:\/\/cookiedatabase.org\/legal-bases\/#consent\">Tras consentimiento previo.<\/a><\/p><p class=\"cmplz-subtitle\">Periodo de retenci\u00f3n<\/p><p>Conservamos estos datos hasta que se finalice el servicio.<\/p><\/details><details class=\"cmplz-dropdown dropdown-privacy-statement\"><summary><div><h3>1.2 Pagos<\/h3><\/div><\/summary><p class=\"cmplz-subtitle\">Para ello utilizamos los siguientes datos:<\/p><p><ul><li>Nombre y apellido<\/li><li>Una direcci\u00f3n particular u otra direcci\u00f3n f\u00edsica, incluyendo el nombre de la calle y el nombre de la ciudad o pueblo.<\/li><li>Correo electr\u00f3nico<\/li><li>N\u00famero de tel\u00e9fono<\/li><li>Datos de geolocalizaci\u00f3n<\/li><li>Fecha de nacimiento<\/li><\/ul><\/p><p class=\"cmplz-subtitle\">La base sobre la que podemos procesar estos datos es:<\/p><p><a target=\"_blank\" rel=\"noopener noreferrer nofollow\" href=\"https:\/\/cookiedatabase.org\/legal-bases\/#consent\">Tras consentimiento previo.<\/a><\/p><p class=\"cmplz-subtitle\">Periodo de retenci\u00f3n<\/p><p>Conservamos estos datos hasta que se finalice el servicio.<\/p><\/details><details class=\"cmplz-dropdown dropdown-privacy-statement\"><summary><div><h3>1.3 Newsletters<\/h3><\/div><\/summary><p class=\"cmplz-subtitle\">Para ello utilizamos los siguientes datos:<\/p><p><ul><li>Nombre y apellido<\/li><li>Correo electr\u00f3nico<\/li><\/ul><\/p><p class=\"cmplz-subtitle\">La base sobre la que podemos procesar estos datos es:<\/p><p><a target=\"_blank\" rel=\"noopener noreferrer nofollow\" href=\"https:\/\/cookiedatabase.org\/legal-bases\/#consent\">Tras consentimiento previo.<\/a><\/p><p class=\"cmplz-subtitle\">Periodo de retenci\u00f3n<\/p><p>Conservamos estos datos hasta que se finalice el servicio.<\/p><\/details><details class=\"cmplz-dropdown dropdown-privacy-statement\"><summary><div><h3>1.4 Para poder cumplir con las obligaciones legales.<\/h3><\/div><\/summary><p class=\"cmplz-subtitle\">Para ello utilizamos los siguientes datos:<\/p><p><ul><li>Nombre y apellido<\/li><li>Correo electr\u00f3nico<\/li><li>Una direcci\u00f3n particular u otra direcci\u00f3n f\u00edsica, incluyendo el nombre de la calle y el nombre de la ciudad o pueblo.<\/li><li>Fecha de nacimiento<\/li><li>N\u00famero de tel\u00e9fono<\/li><\/ul><\/p><p class=\"cmplz-subtitle\">La base sobre la que podemos procesar estos datos es:<\/p><p><a target=\"_blank\" rel=\"noopener noreferrer nofollow\" href=\"https:\/\/cookiedatabase.org\/legal-bases\/#consent\">Tras consentimiento previo.<\/a><\/p><p class=\"cmplz-subtitle\">Periodo de retenci\u00f3n<\/p><p>Conservamos estos datos hasta que se finalice el servicio.<\/p><\/details><details class=\"cmplz-dropdown dropdown-privacy-statement\"><summary><div><h3>1.5 Recopilaci\u00f3n y an\u00e1lisis de estad\u00edsticas para la mejora del sitio web.<\/h3><\/div><\/summary><p class=\"cmplz-subtitle\">Para ello utilizamos los siguientes datos:<\/p><p><ul><li>Nombre y apellido<\/li><li>Correo electr\u00f3nico<\/li><\/ul><\/p><p class=\"cmplz-subtitle\">La base sobre la que podemos procesar estos datos es:<\/p><p><a target=\"_blank\" rel=\"noopener noreferrer nofollow\" href=\"https:\/\/cookiedatabase.org\/legal-bases\/#consent\">Tras consentimiento previo.<\/a><\/p><p class=\"cmplz-subtitle\">Periodo de retenci\u00f3n<\/p><p>Conservamos estos datos hasta que se finalice el servicio.<\/p><\/details><details class=\"cmplz-dropdown dropdown-privacy-statement\"><summary><div><h3>1.6 Para poder ofrecer productos y servicios personalizados.<\/h3><\/div><\/summary><p class=\"cmplz-subtitle\">Para ello utilizamos los siguientes datos:<\/p><p><ul><li>Nombre y apellido<\/li><li>Correo electr\u00f3nico<\/li><li>N\u00famero de tel\u00e9fono<\/li><li>Datos de geolocalizaci\u00f3n<\/li><li>Fecha de nacimiento<\/li><li>Una direcci\u00f3n particular u otra direcci\u00f3n f\u00edsica, incluyendo el nombre de la calle y el nombre de la ciudad o pueblo.<\/li><\/ul><\/p><p class=\"cmplz-subtitle\">La base sobre la que podemos procesar estos datos es:<\/p><p><a target=\"_blank\" rel=\"noopener noreferrer nofollow\" href=\"https:\/\/cookiedatabase.org\/legal-bases\/#consent\">Tras consentimiento previo.<\/a><\/p><p class=\"cmplz-subtitle\">Periodo de retenci\u00f3n<\/p><p>Conservamos estos datos hasta que se finalice el servicio.<\/p><\/details><details class=\"cmplz-dropdown dropdown-privacy-statement\"><summary><div><h3>1.7 Para apoyar los servicios o productos que un cliente desea comprar o ha comprado.<\/h3><\/div><\/summary><p class=\"cmplz-subtitle\">Para ello utilizamos los siguientes datos:<\/p><p><ul><li>Nombre y apellido<\/li><li>Correo electr\u00f3nico<\/li><li>N\u00famero de tel\u00e9fono<\/li><li>Fecha de nacimiento<\/li><li>Datos de geolocalizaci\u00f3n<\/li><\/ul><\/p><p class=\"cmplz-subtitle\">La base sobre la que podemos procesar estos datos es:<\/p><p><a target=\"_blank\" rel=\"noopener noreferrer nofollow\" href=\"https:\/\/cookiedatabase.org\/legal-bases\/#consent\">Tras consentimiento previo.<\/a><\/p><p class=\"cmplz-subtitle\">Periodo de retenci\u00f3n<\/p><p>Conservamos estos datos hasta que se finalice el servicio.<\/p><\/details><details class=\"cmplz-dropdown dropdown-privacy-statement\"><summary><div><h3>1.8 Entregas<\/h3><\/div><\/summary><p class=\"cmplz-subtitle\">Para ello utilizamos los siguientes datos:<\/p><p><ul><li>Nombre y apellido<\/li><li>Una direcci\u00f3n particular u otra direcci\u00f3n f\u00edsica, incluyendo el nombre de la calle y el nombre de la ciudad o pueblo.<\/li><li>Correo electr\u00f3nico<\/li><li>N\u00famero de tel\u00e9fono<\/li><\/ul><\/p><p class=\"cmplz-subtitle\">La base sobre la que podemos procesar estos datos es:<\/p><p><a target=\"_blank\" rel=\"noopener noreferrer nofollow\" href=\"https:\/\/cookiedatabase.org\/legal-bases\/#consent\">Tras consentimiento previo.<\/a><\/p><p class=\"cmplz-subtitle\">Periodo de retenci\u00f3n<\/p><p>Conservamos estos datos hasta que se finalice el servicio.<\/p><\/details><h2>2. Cookies<\/h2><p>Nuestro sitio web utiliza cookies. Para obtener m\u00e1s informaci\u00f3n sobre las cookies, consulte nuestra <a href=\"https:\/\/pilargomezalvarez.com\/es\/politica-de-cookies-ue\/\">Pol\u00edtica de Cookies<\/a>.&nbsp;<\/p><h2>3. Pr\u00e1cticas de transparencia<\/h2><p><p>Transparentamos informaci\u00f3n personal si as\u00ed lo exige la ley o una orden judicial, en respuesta a una agencia de aplicaci\u00f3n de la ley, en la medida en que lo permitan otras disposiciones legales, para proporcionar informaci\u00f3n o para una investigaci\u00f3n sobre un asunto relacionado con la seguridad p\u00fablica.<\/p><p>Si nuestro sitio web o nuestra organizaci\u00f3n son adquiridos, vendidos o se ven involucrados en una fusi\u00f3n o adquisici\u00f3n, sus datos podr\u00e1n ser revelados a nuestros asesores y a cualquier posible comprador, y ser\u00e1n transferidos a los nuevos propietarios.<\/p><\/p><h2>4. Seguridad<\/h2><p>Nos comprometemos a garantizar la seguridad de los datos personales. Tomamos las medidas de seguridad adecuadas para limitar el uso indebido y el acceso no autorizado a los datos personales. De este modo, nos aseguramos de que solo las personas necesarias tengan acceso a sus datos, de que el acceso a los datos est\u00e9 protegido y de que nuestras medidas de seguridad se revisen peri\u00f3dicamente.<\/p><h2>5. Sitios web de terceros<\/h2><p>Esta declaraci\u00f3n de privacidad no se aplica a los sitios web de terceros conectados mediante enlaces en nuestro sitio web. No podemos garantizar que estos terceros traten sus datos personales de forma fiable o segura. Le recomendamos que lea las declaraciones de privacidad de estos sitios web antes de utilizarlos.<\/p><h2>6. Modificaciones a esta declaraci\u00f3n de privacidad<\/h2><p>Nos reservamos el derecho a realizar modificaciones en esta declaraci\u00f3n de privacidad. Se recomienda consultar esta declaraci\u00f3n de privacidad con regularidad para estar al tanto de cualquier cambio. Adem\u00e1s, le informaremos activamente siempre que sea posible.<\/p><h2>7. Acceso y modificaci\u00f3n de sus datos<\/h2><p>Si tiene alguna pregunta o desea saber qu\u00e9 datos personales tenemos sobre usted, p\u00f3ngase en contacto con nosotros. Puede ponerse en contacto con nosotros utilizando la informaci\u00f3n que se indica a continuaci\u00f3n. Usted tiene los siguientes derechos:<\/p><ul>\n                <li>Tienes derecho a saber por qu\u00e9 se necesitan tus datos personales, qu\u00e9 pasar\u00e1 con ellos y durante cu\u00e1nto tiempo se conservar\u00e1n.<\/li>\n                <li>Derecho de acceso: Tiene derecho a acceder a sus datos personales que conocemos.<\/li>\n                <li>Derecho de rectificaci\u00f3n: tienes derecho a completar, corregir, eliminar o bloquear tus datos personales cuando lo desees.<\/li>\n                <li>Si nos da su consentimiento para procesar sus datos, tiene derecho a revocar dicho consentimiento y a que se eliminen sus datos personales.<\/li>\n                <li>Derecho a transferir sus datos: tiene derecho a solicitar al responsable del tratamiento todos sus datos personales y transferirlos en su totalidad a otro responsable del tratamiento.<\/li>\n                <li>Derecho de oposici\u00f3n: puede oponerse al tratamiento de sus datos. Cumpliremos con ello, salvo que existan motivos justificados para el tratamiento.<\/li>\n            <\/ul><p>Aseg\u00farese siempre de indicar claramente qui\u00e9n es usted, para que podamos estar seguros de que no modificamos ni eliminamos ning\u00fan dato de la persona equivocada.<\/p><h2>8. Presentaci\u00f3n de una queja<\/h2><p>Si no est\u00e1 satisfecho con la forma en que gestionamos (una queja sobre) el tratamiento de sus datos personales, tiene derecho a presentar una queja ante la Autoridad de Protecci\u00f3n de Datos.<\/p><h2>9. Responsable de Protecci\u00f3n de Datos<\/h2><p>Our Data Protection Officer has been registered with the data protection authority in an EU Member State. If you have any questions or requests with respect to this privacy statement or for the Data Protection Officer, you may contact Pilar G\u00f3mez Alvarez, via https:\/\/pilargomezalvarez.com\/ or pilargomez.consulting@gmail.com or by telephone on +41786106012<\/p><h2>10. Detalles de contacto<\/h2><p>Pilar G\u00f3mez Alvarez<br \/>\n        Chemin de Passerose 6, 1006, Lausana<br \/>\n        Suiza<br \/>\n        Sitio web: <a href=\"https:\/\/pilargomezalvarez.com\/es\">https:\/\/pilargomezalvarez.com\/es<\/a> <br \/>\n        Email: <span class=\"cmplz-obfuscate\">&#112;il&#097;r&#103;om&#101;&#122;.co&#110;&#115;&#117;l&#116;i&#110;&#103;@<span class=\"cmplz-fmail-domain\">e&#120;&#046;&#099;o&#109;<\/span>&#103;ma&#105;&#108;&#046;&#099;o&#109;<\/span> <br \/>\n        N\u00famero de tel\u00e9fono: +41786106012<\/p><\/div><\/div>\n\t\t\t\t\t\t<\/div>\n\t\t\t\t<\/div>\n\t\t\t\t<\/div>\n\t\t\t\t<\/div>","protected":false},"excerpt":{"rendered":"<p>Declaraci\u00f3n de Privacidad (UE)<\/p>","protected":false},"author":1,"featured_media":0,"parent":0,"menu_order":0,"comment_status":"closed","ping_status":"closed","template":"","meta":{"footnotes":""},"class_list":["post-320","page","type-page","status-publish","hentry"],"yoast_head":"<!-- This site is optimized with the Yoast SEO plugin v27.4 - https:\/\/yoast.com\/product\/yoast-seo-wordpress\/ -->\n<title>Privacy Statement (EU) - Astrology For Personal Growth<\/title>\n<meta name=\"robots\" content=\"index, follow, max-snippet:-1, max-image-preview:large, max-video-preview:-1\" \/>\n<link rel=\"canonical\" href=\"https:\/\/pilargomezalvarez.com\/es\/privacy-statement-eu\/\" \/>\n<meta property=\"og:locale\" content=\"es_ES\" \/>\n<meta property=\"og:type\" content=\"article\" \/>\n<meta property=\"og:title\" content=\"Privacy Statement (EU) - Astrology For Personal Growth\" \/>\n<meta property=\"og:description\" content=\"Privacy Statement (EU)\" \/>\n<meta property=\"og:url\" content=\"https:\/\/pilargomezalvarez.com\/es\/privacy-statement-eu\/\" \/>\n<meta property=\"og:site_name\" content=\"Astrology For Personal Growth\" \/>\n<meta property=\"article:modified_time\" content=\"2025-08-31T17:46:20+00:00\" \/>\n<meta name=\"twitter:card\" content=\"summary_large_image\" \/>\n<meta name=\"twitter:label1\" content=\"Tiempo estimado de lectura\" \/>\n\t<meta name=\"twitter:data1\" content=\"1 minuto\" \/>\n<script type=\"application\/ld+json\" class=\"yoast-schema-graph\">{\"@context\":\"https:\\\/\\\/schema.org\",\"@graph\":[{\"@type\":\"WebPage\",\"@id\":\"https:\\\/\\\/pilargomezalvarez.com\\\/privacy-statement-eu\\\/\",\"url\":\"https:\\\/\\\/pilargomezalvarez.com\\\/privacy-statement-eu\\\/\",\"name\":\"Privacy Statement (EU) - Astrology For Personal Growth\",\"isPartOf\":{\"@id\":\"https:\\\/\\\/pilargomezalvarez.com\\\/#website\"},\"datePublished\":\"2025-06-18T15:29:57+00:00\",\"dateModified\":\"2025-08-31T17:46:20+00:00\",\"breadcrumb\":{\"@id\":\"https:\\\/\\\/pilargomezalvarez.com\\\/privacy-statement-eu\\\/#breadcrumb\"},\"inLanguage\":\"es-CL\",\"potentialAction\":[{\"@type\":\"ReadAction\",\"target\":[\"https:\\\/\\\/pilargomezalvarez.com\\\/privacy-statement-eu\\\/\"]}]},{\"@type\":\"BreadcrumbList\",\"@id\":\"https:\\\/\\\/pilargomezalvarez.com\\\/privacy-statement-eu\\\/#breadcrumb\",\"itemListElement\":[{\"@type\":\"ListItem\",\"position\":1,\"name\":\"Portada\",\"item\":\"https:\\\/\\\/pilargomezalvarez.com\\\/\"},{\"@type\":\"ListItem\",\"position\":2,\"name\":\"Privacy Statement (EU)\"}]},{\"@type\":\"WebSite\",\"@id\":\"https:\\\/\\\/pilargomezalvarez.com\\\/#website\",\"url\":\"https:\\\/\\\/pilargomezalvarez.com\\\/\",\"name\":\"Astrology For Personal Growth\",\"description\":\"Inspiring Self-discovery; Enlightening your journey.\",\"potentialAction\":[{\"@type\":\"SearchAction\",\"target\":{\"@type\":\"EntryPoint\",\"urlTemplate\":\"https:\\\/\\\/pilargomezalvarez.com\\\/?s={search_term_string}\"},\"query-input\":{\"@type\":\"PropertyValueSpecification\",\"valueRequired\":true,\"valueName\":\"search_term_string\"}}],\"inLanguage\":\"es-CL\"}]}<\/script>\n<!-- \/ Yoast SEO plugin. -->","yoast_head_json":{"title":"Privacy Statement (EU) - Astrology For Personal Growth","robots":{"index":"index","follow":"follow","max-snippet":"max-snippet:-1","max-image-preview":"max-image-preview:large","max-video-preview":"max-video-preview:-1"},"canonical":"https:\/\/pilargomezalvarez.com\/es\/privacy-statement-eu\/","og_locale":"es_ES","og_type":"article","og_title":"Privacy Statement (EU) - Astrology For Personal Growth","og_description":"Privacy Statement (EU)","og_url":"https:\/\/pilargomezalvarez.com\/es\/privacy-statement-eu\/","og_site_name":"Astrology For Personal Growth","article_modified_time":"2025-08-31T17:46:20+00:00","twitter_card":"summary_large_image","twitter_misc":{"Tiempo estimado de lectura":"1 minuto"},"schema":{"@context":"https:\/\/schema.org","@graph":[{"@type":"WebPage","@id":"https:\/\/pilargomezalvarez.com\/privacy-statement-eu\/","url":"https:\/\/pilargomezalvarez.com\/privacy-statement-eu\/","name":"Privacy Statement (EU) - Astrology For Personal Growth","isPartOf":{"@id":"https:\/\/pilargomezalvarez.com\/#website"},"datePublished":"2025-06-18T15:29:57+00:00","dateModified":"2025-08-31T17:46:20+00:00","breadcrumb":{"@id":"https:\/\/pilargomezalvarez.com\/privacy-statement-eu\/#breadcrumb"},"inLanguage":"es-CL","potentialAction":[{"@type":"ReadAction","target":["https:\/\/pilargomezalvarez.com\/privacy-statement-eu\/"]}]},{"@type":"BreadcrumbList","@id":"https:\/\/pilargomezalvarez.com\/privacy-statement-eu\/#breadcrumb","itemListElement":[{"@type":"ListItem","position":1,"name":"Portada","item":"https:\/\/pilargomezalvarez.com\/"},{"@type":"ListItem","position":2,"name":"Privacy Statement (EU)"}]},{"@type":"WebSite","@id":"https:\/\/pilargomezalvarez.com\/#website","url":"https:\/\/pilargomezalvarez.com\/","name":"Astrology For Personal Growth","description":"Inspiring Self-discovery; Enlightening your journey.","potentialAction":[{"@type":"SearchAction","target":{"@type":"EntryPoint","urlTemplate":"https:\/\/pilargomezalvarez.com\/?s={search_term_string}"},"query-input":{"@type":"PropertyValueSpecification","valueRequired":true,"valueName":"search_term_string"}}],"inLanguage":"es-CL"}]}},"_links":{"self":[{"href":"https:\/\/pilargomezalvarez.com\/es\/wp-json\/wp\/v2\/pages\/320","targetHints":{"allow":["GET"]}}],"collection":[{"href":"https:\/\/pilargomezalvarez.com\/es\/wp-json\/wp\/v2\/pages"}],"about":[{"href":"https:\/\/pilargomezalvarez.com\/es\/wp-json\/wp\/v2\/types\/page"}],"author":[{"embeddable":true,"href":"https:\/\/pilargomezalvarez.com\/es\/wp-json\/wp\/v2\/users\/1"}],"replies":[{"embeddable":true,"href":"https:\/\/pilargomezalvarez.com\/es\/wp-json\/wp\/v2\/comments?post=320"}],"version-history":[{"count":7,"href":"https:\/\/pilargomezalvarez.com\/es\/wp-json\/wp\/v2\/pages\/320\/revisions"}],"predecessor-version":[{"id":1067,"href":"https:\/\/pilargomezalvarez.com\/es\/wp-json\/wp\/v2\/pages\/320\/revisions\/1067"}],"wp:attachment":[{"href":"https:\/\/pilargomezalvarez.com\/es\/wp-json\/wp\/v2\/media?parent=320"}],"curies":[{"name":"wp","href":"https:\/\/api.w.org\/{rel}","templated":true}]}}