{"id":23,"date":"2025-05-28T16:06:18","date_gmt":"2025-05-28T14:06:18","guid":{"rendered":"https:\/\/pilargomezalvarez.com\/?page_id=23"},"modified":"2025-11-25T18:35:59","modified_gmt":"2025-11-25T17:35:59","slug":"sobre-mi","status":"publish","type":"page","link":"https:\/\/pilargomezalvarez.com\/es\/sobre-mi\/","title":{"rendered":"Sobre Pilar"},"content":{"rendered":"<div data-elementor-type=\"wp-page\" data-elementor-id=\"23\" class=\"elementor elementor-23\" data-elementor-post-type=\"page\">\n\t\t\t\t<div class=\"elementor-element elementor-element-f339aae e-grid e-con-boxed e-con e-parent\" data-id=\"f339aae\" data-element_type=\"container\" data-e-type=\"container\" data-settings=\"{&quot;shape_divider_top&quot;:&quot;mountains&quot;}\">\n\t\t\t\t\t<div class=\"e-con-inner\">\n\t\t\t\t<div class=\"elementor-shape elementor-shape-top\" aria-hidden=\"true\" data-negative=\"false\">\n\t\t\t<svg xmlns=\"http:\/\/www.w3.org\/2000\/svg\" viewbox=\"0 0 1000 100\" preserveaspectratio=\"none\">\n\t<path class=\"elementor-shape-fill\" opacity=\"0.33\" d=\"M473,67.3c-203.9,88.3-263.1-34-320.3,0C66,119.1,0,59.7,0,59.7V0h1000v59.7 c0,0-62.1,26.1-94.9,29.3c-32.8,3.3-62.8-12.3-75.8-22.1C806,49.6,745.3,8.7,694.9,4.7S492.4,59,473,67.3z\"\/>\n\t<path class=\"elementor-shape-fill\" opacity=\"0.66\" d=\"M734,67.3c-45.5,0-77.2-23.2-129.1-39.1c-28.6-8.7-150.3-10.1-254,39.1 s-91.7-34.4-149.2,0C115.7,118.3,0,39.8,0,39.8V0h1000v36.5c0,0-28.2-18.5-92.1-18.5C810.2,18.1,775.7,67.3,734,67.3z\"\/>\n\t<path class=\"elementor-shape-fill\" d=\"M766.1,28.9c-200-57.5-266,65.5-395.1,19.5C242,1.8,242,5.4,184.8,20.6C128,35.8,132.3,44.9,89.9,52.5C28.6,63.7,0,0,0,0 h1000c0,0-9.9,40.9-83.6,48.1S829.6,47,766.1,28.9z\"\/>\n<\/svg>\t\t<\/div>\n\t\t\t\t<div class=\"elementor-element elementor-element-d9a3895 elementor-widget elementor-widget-image\" data-id=\"d9a3895\" data-element_type=\"widget\" data-e-type=\"widget\" data-widget_type=\"image.default\">\n\t\t\t\t<div class=\"elementor-widget-container\">\n\t\t\t\t\t\t\t\t\t\t\t\t\t\t\t<img fetchpriority=\"high\" decoding=\"async\" width=\"3892\" height=\"2569\" src=\"https:\/\/pilargomezalvarez.com\/wp-content\/uploads\/pilar-02-No-background.png\" class=\"attachment-full size-full wp-image-680\" alt=\"Astrology for Personal Growth\" srcset=\"https:\/\/pilargomezalvarez.com\/wp-content\/uploads\/pilar-02-No-background.png 3892w, https:\/\/pilargomezalvarez.com\/wp-content\/uploads\/pilar-02-No-background-300x198.png 300w, https:\/\/pilargomezalvarez.com\/wp-content\/uploads\/pilar-02-No-background-1024x676.png 1024w, https:\/\/pilargomezalvarez.com\/wp-content\/uploads\/pilar-02-No-background-768x507.png 768w, https:\/\/pilargomezalvarez.com\/wp-content\/uploads\/pilar-02-No-background-1536x1014.png 1536w, https:\/\/pilargomezalvarez.com\/wp-content\/uploads\/pilar-02-No-background-2048x1352.png 2048w\" sizes=\"(max-width: 3892px) 100vw, 3892px\" \/>\t\t\t\t\t\t\t\t\t\t\t\t\t\t\t<\/div>\n\t\t\t\t<\/div>\n\t\t\t\t<div class=\"elementor-element elementor-element-63be672 elementor-widget__width-initial e-transform elementor-widget elementor-widget-text-editor\" data-id=\"63be672\" data-element_type=\"widget\" data-e-type=\"widget\" data-settings=\"{&quot;_transform_translateX_effect&quot;:{&quot;unit&quot;:&quot;px&quot;,&quot;size&quot;:&quot;&quot;,&quot;sizes&quot;:[]},&quot;_transform_translateX_effect_tablet&quot;:{&quot;unit&quot;:&quot;px&quot;,&quot;size&quot;:&quot;&quot;,&quot;sizes&quot;:[]},&quot;_transform_translateX_effect_mobile&quot;:{&quot;unit&quot;:&quot;px&quot;,&quot;size&quot;:&quot;&quot;,&quot;sizes&quot;:[]},&quot;_transform_translateY_effect&quot;:{&quot;unit&quot;:&quot;px&quot;,&quot;size&quot;:&quot;&quot;,&quot;sizes&quot;:[]},&quot;_transform_translateY_effect_tablet&quot;:{&quot;unit&quot;:&quot;px&quot;,&quot;size&quot;:&quot;&quot;,&quot;sizes&quot;:[]},&quot;_transform_translateY_effect_mobile&quot;:{&quot;unit&quot;:&quot;px&quot;,&quot;size&quot;:&quot;&quot;,&quot;sizes&quot;:[]}}\" data-widget_type=\"text-editor.default\">\n\t\t\t\t<div class=\"elementor-widget-container\">\n\t\t\t\t\t\t\t\t\t<h3><strong>\u00a1Hola! Soy Pilar<\/strong><\/h3><p>Soy una <strong>astr\u00f3loga con enfoque psicol\u00f3gico y evolutivo<\/strong>. Me apasiona profundamente el autoconocimiento, el desarrollo personal, la creatividad, la salud y la mentalidad.<\/p><p><span class=\"a_GcMg font-feature-liga-off font-feature-clig-off font-feature-calt-off text-decoration-none text-strikethrough-none\"><strong>Originalmente de Chile, llevo m\u00e1s de 10 a\u00f1os viviendo en Suiza.<\/strong>\u00a0Aqu\u00ed he descubierto nuevas facetas de m\u00ed misma\u2014en gran parte gracias a la astrolog\u00eda.<\/span><\/p>\t\t\t\t\t\t\t\t<\/div>\n\t\t\t\t<\/div>\n\t\t\t\t\t<\/div>\n\t\t\t\t<\/div>\n\t\t<div class=\"elementor-element elementor-element-98b8f3c e-con-full e-flex e-con e-parent\" data-id=\"98b8f3c\" data-element_type=\"container\" data-e-type=\"container\">\n\t\t<div class=\"elementor-element elementor-element-6b522b2 e-con-full e-flex e-con e-child\" data-id=\"6b522b2\" data-element_type=\"container\" data-e-type=\"container\">\n\t\t\t\t<div class=\"elementor-element elementor-element-745d878 elementor-widget__width-inherit elementor-widget elementor-widget-text-editor\" data-id=\"745d878\" data-element_type=\"widget\" data-e-type=\"widget\" data-widget_type=\"text-editor.default\">\n\t\t\t\t<div class=\"elementor-widget-container\">\n\t\t\t\t\t\t\t\t\t<h2><b>Mi Viaje Con La Astrolog\u00eda<\/b><\/h2>\t\t\t\t\t\t\t\t<\/div>\n\t\t\t\t<\/div>\n\t\t\t\t<\/div>\n\t\t\t\t<\/div>\n\t\t<div class=\"elementor-element elementor-element-0298352 e-con-full e-flex e-con e-parent\" data-id=\"0298352\" data-element_type=\"container\" data-e-type=\"container\">\n\t\t\t\t<div class=\"elementor-element elementor-element-0106656 elementor-widget__width-inherit elementor-widget elementor-widget-text-editor\" data-id=\"0106656\" data-element_type=\"widget\" data-e-type=\"widget\" data-widget_type=\"text-editor.default\">\n\t\t\t\t<div class=\"elementor-widget-container\">\n\t\t\t\t\t\t\t\t\t<p><strong>La astrolog\u00eda me ha interesado desde muy peque\u00f1a,<\/strong> pero no fue hasta el a\u00f1o 2020 cuando marc\u00f3 un punto de inflexi\u00f3n en mi vida.<\/p><p>En ese momento, <strong>Estaba buscando respuestas en el amor, pero estaba atrapada en patrones repetitivos.<\/strong>\u00a0Siempre malgastando energ\u00eda y tiempo con la persona equivocada.\u00a0<\/p><p>Una amiga recomend\u00f3 una astr\u00f3loga cuya forma de ense\u00f1ar reson\u00f3 much\u00edsimo conmigo. Me enrol\u00e9 en su curso sobre el signo de la Luna y de Venus\u2014ubicaciones claves para entender patrones emocionales.<\/p><p>Lo que aprend\u00ed ah\u00ed\u00a0<strong>Me. Vol\u00f3. La. Cabeza.<\/strong><\/p><p>As\u00ed que decid\u00ed dejar de salir con gente hasta que me conociera mejor a m\u00ed misma y supiera lo que quer\u00eda para mi vida, no solo para mi vida amorosa<span class=\"a_GcMg font-feature-liga-off font-feature-clig-off font-feature-calt-off text-decoration-none text-strikethrough-none\">\u2014y la <strong>la astrolog\u00eda se convirti\u00f3 en una herramienta clave para ese crecimiento.<\/strong><\/span><\/p>\t\t\t\t\t\t\t\t<\/div>\n\t\t\t\t<\/div>\n\t\t\t\t<div class=\"elementor-element elementor-element-29b93a0 elementor-widget__width-inherit elementor-widget elementor-widget-image\" data-id=\"29b93a0\" data-element_type=\"widget\" data-e-type=\"widget\" data-widget_type=\"image.default\">\n\t\t\t\t<div class=\"elementor-widget-container\">\n\t\t\t\t\t\t\t\t\t\t\t\t\t\t\t<img decoding=\"async\" width=\"800\" height=\"534\" src=\"https:\/\/pilargomezalvarez.com\/wp-content\/uploads\/pilar-03-No-background-1024x683.png\" class=\"attachment-large size-large wp-image-681\" alt=\"Astrology for Personal Growth\" srcset=\"https:\/\/pilargomezalvarez.com\/wp-content\/uploads\/pilar-03-No-background-1024x683.png 1024w, https:\/\/pilargomezalvarez.com\/wp-content\/uploads\/pilar-03-No-background-300x200.png 300w, https:\/\/pilargomezalvarez.com\/wp-content\/uploads\/pilar-03-No-background-768x512.png 768w, https:\/\/pilargomezalvarez.com\/wp-content\/uploads\/pilar-03-No-background-1536x1024.png 1536w, https:\/\/pilargomezalvarez.com\/wp-content\/uploads\/pilar-03-No-background-2048x1365.png 2048w\" sizes=\"(max-width: 800px) 100vw, 800px\" \/>\t\t\t\t\t\t\t\t\t\t\t\t\t\t\t<\/div>\n\t\t\t\t<\/div>\n\t\t\t\t<\/div>\n\t\t<div class=\"elementor-element elementor-element-22cc659 e-con-full e-flex e-con e-parent\" data-id=\"22cc659\" data-element_type=\"container\" data-e-type=\"container\">\n\t\t\t\t<div class=\"elementor-element elementor-element-1a31e91 elementor-widget elementor-widget-text-editor\" data-id=\"1a31e91\" data-element_type=\"widget\" data-e-type=\"widget\" data-widget_type=\"text-editor.default\">\n\t\t\t\t<div class=\"elementor-widget-container\">\n\t\t\t\t\t\t\t\t\t<h3>Astrolog\u00eda para el Crecimiento Personal<\/h3>\t\t\t\t\t\t\t\t<\/div>\n\t\t\t\t<\/div>\n\t\t\t\t<div class=\"elementor-element elementor-element-33adff9 elementor-widget__width-inherit elementor-widget elementor-widget-text-editor\" data-id=\"33adff9\" data-element_type=\"widget\" data-e-type=\"widget\" data-widget_type=\"text-editor.default\">\n\t\t\t\t<div class=\"elementor-widget-container\">\n\t\t\t\t\t\t\t\t\t<p data-start=\"98\" data-end=\"258\">De ah\u00ed en adelante, <strong>me sumerg\u00ed en la astrolog\u00eda<\/strong>\u2014a trav\u00e9s de cursos, libros y podcasts. Se convirti\u00f3 tanto en un mapa para navegar por la vida como en un ancla en tiempos dif\u00edciles.<\/p><p data-start=\"260\" data-end=\"511\">Por sobre todo,<strong> transform\u00f3 la relaci\u00f3n que ten\u00eda conmigo misma.<\/strong> Dej\u00e9 de compararme, dej\u00e9 de compadecerme de m\u00ed misma y empec\u00e9 a dejar de lado las expectativas limitantes. <strong>Ahora me siento m\u00e1s en paz con mi situaci\u00f3n y m\u00e1s empoderada para aceptar qui\u00e9n soy realmente.<\/strong><\/p><p data-start=\"513\" data-end=\"636\">En el fondo, quiero <strong>contribuir a un cambio positivo en el mundo.<\/strong> Esa es mi br\u00fajula, la fuerza que me gu\u00eda cada d\u00eda.<\/p><p data-start=\"638\" data-end=\"748\"><strong>Conocernos, amarnos y aceptarnos profundamente es el camino hacia ese cambio.<\/strong> Para m\u00ed, empieza ah\u00ed.<\/p>\t\t\t\t\t\t\t\t<\/div>\n\t\t\t\t<\/div>\n\t\t\t\t<\/div>\n\t\t<div class=\"elementor-element elementor-element-15ca81f e-flex e-con-boxed e-con e-parent\" data-id=\"15ca81f\" data-element_type=\"container\" data-e-type=\"container\">\n\t\t\t\t\t<div class=\"e-con-inner\">\n\t\t<div class=\"elementor-element elementor-element-e2a6758 e-con-full e-flex e-con e-child\" data-id=\"e2a6758\" data-element_type=\"container\" data-e-type=\"container\">\n\t\t\t\t<div class=\"elementor-element elementor-element-77bbb8c elementor-widget__width-inherit elementor-widget elementor-widget-image\" data-id=\"77bbb8c\" data-element_type=\"widget\" data-e-type=\"widget\" data-widget_type=\"image.default\">\n\t\t\t\t<div class=\"elementor-widget-container\">\n\t\t\t\t\t\t\t\t\t\t\t\t\t\t\t<img decoding=\"async\" width=\"300\" height=\"222\" src=\"https:\/\/pilargomezalvarez.com\/wp-content\/uploads\/pilar-04-No-background-300x222.png\" class=\"attachment-medium size-medium wp-image-682\" alt=\"Astrology for Personal Growth\" srcset=\"https:\/\/pilargomezalvarez.com\/wp-content\/uploads\/pilar-04-No-background-300x222.png 300w, https:\/\/pilargomezalvarez.com\/wp-content\/uploads\/pilar-04-No-background-1024x758.png 1024w, https:\/\/pilargomezalvarez.com\/wp-content\/uploads\/pilar-04-No-background-768x569.png 768w, https:\/\/pilargomezalvarez.com\/wp-content\/uploads\/pilar-04-No-background-1536x1137.png 1536w, https:\/\/pilargomezalvarez.com\/wp-content\/uploads\/pilar-04-No-background-2048x1516.png 2048w\" sizes=\"(max-width: 300px) 100vw, 300px\" \/>\t\t\t\t\t\t\t\t\t\t\t\t\t\t\t<\/div>\n\t\t\t\t<\/div>\n\t\t\t\t<\/div>\n\t\t<div class=\"elementor-element elementor-element-82d22ee e-con-full e-flex e-con e-child\" data-id=\"82d22ee\" data-element_type=\"container\" data-e-type=\"container\">\n\t\t\t\t<div class=\"elementor-element elementor-element-de9fbd3 elementor-widget elementor-widget-text-editor\" data-id=\"de9fbd3\" data-element_type=\"widget\" data-e-type=\"widget\" data-widget_type=\"text-editor.default\">\n\t\t\t\t<div class=\"elementor-widget-container\">\n\t\t\t\t\t\t\t\t\t<h3>Mi Prop\u00f3sito...<\/h3>\t\t\t\t\t\t\t\t<\/div>\n\t\t\t\t<\/div>\n\t\t\t\t<div class=\"elementor-element elementor-element-07c5fc8 elementor-widget elementor-widget-text-editor\" data-id=\"07c5fc8\" data-element_type=\"widget\" data-e-type=\"widget\" data-widget_type=\"text-editor.default\">\n\t\t\t\t<div class=\"elementor-widget-container\">\n\t\t\t\t\t\t\t\t\t<p><strong>Estoy extremadamente agradecida de tener esta herramienta a mi disposici\u00f3n<\/strong>, y <strong>mi prop\u00f3sito es compartir lo que he aprendido <\/strong>(y sigo aprendiendo)<strong> para acompa\u00f1ar a gente en su<\/strong> <strong>camino de crecimiento personal<\/strong>, con la esperanza de que <strong>les aporte tanta claridad y luz como<\/strong> lo ha hecho conmigo hasta el d\u00eda de hoy.<\/p>\t\t\t\t\t\t\t\t<\/div>\n\t\t\t\t<\/div>\n\t\t\t\t<\/div>\n\t\t\t\t\t<\/div>\n\t\t\t\t<\/div>\n\t\t<div class=\"elementor-element elementor-element-2cf6989 e-con-full e-flex e-con e-parent\" data-id=\"2cf6989\" data-element_type=\"container\" data-e-type=\"container\">\n\t\t\t\t<div class=\"elementor-element elementor-element-487e89e elementor-widget__width-inherit elementor-widget elementor-widget-text-editor\" data-id=\"487e89e\" data-element_type=\"widget\" data-e-type=\"widget\" data-widget_type=\"text-editor.default\">\n\t\t\t\t<div class=\"elementor-widget-container\">\n\t\t\t\t\t\t\t\t\t<p>Si tienes <strong>curiosidad por conocerte mejor a ti misma\/o<\/strong>, est\u00e1s <strong>pasando por un momento importante<\/strong>, o simplemente quieres una <strong>perspectiva diferente sobre tu vida y tu presente<\/strong>, me encantar\u00eda <strong>acompa\u00f1arte y ense\u00f1arte<\/strong> con las poderosas revelaciones que ofrece la astrolog\u00eda. Puedes encontrar mi <strong>portafolio de servicios <a href=\"https:\/\/pilargomezalvarez.com\/es\/sesiones\/\">aqu\u00ed<\/a><\/strong>. Y si tienes <strong>cualquier pregunta<\/strong>, por favor <strong>no dudes en ponerte en contacto.<\/strong><\/p>\t\t\t\t\t\t\t\t<\/div>\n\t\t\t\t<\/div>\n\t\t\t\t<\/div>\n\t\t<div class=\"elementor-element elementor-element-0d48565 e-con-full e-flex e-con e-parent\" data-id=\"0d48565\" data-element_type=\"container\" data-e-type=\"container\" data-settings=\"{&quot;shape_divider_bottom&quot;:&quot;mountains&quot;}\">\n\t\t\t\t<div class=\"elementor-shape elementor-shape-bottom\" aria-hidden=\"true\" data-negative=\"false\">\n\t\t\t<svg xmlns=\"http:\/\/www.w3.org\/2000\/svg\" viewbox=\"0 0 1000 100\" preserveaspectratio=\"none\">\n\t<path class=\"elementor-shape-fill\" opacity=\"0.33\" d=\"M473,67.3c-203.9,88.3-263.1-34-320.3,0C66,119.1,0,59.7,0,59.7V0h1000v59.7 c0,0-62.1,26.1-94.9,29.3c-32.8,3.3-62.8-12.3-75.8-22.1C806,49.6,745.3,8.7,694.9,4.7S492.4,59,473,67.3z\"\/>\n\t<path class=\"elementor-shape-fill\" opacity=\"0.66\" d=\"M734,67.3c-45.5,0-77.2-23.2-129.1-39.1c-28.6-8.7-150.3-10.1-254,39.1 s-91.7-34.4-149.2,0C115.7,118.3,0,39.8,0,39.8V0h1000v36.5c0,0-28.2-18.5-92.1-18.5C810.2,18.1,775.7,67.3,734,67.3z\"\/>\n\t<path class=\"elementor-shape-fill\" d=\"M766.1,28.9c-200-57.5-266,65.5-395.1,19.5C242,1.8,242,5.4,184.8,20.6C128,35.8,132.3,44.9,89.9,52.5C28.6,63.7,0,0,0,0 h1000c0,0-9.9,40.9-83.6,48.1S829.6,47,766.1,28.9z\"\/>\n<\/svg>\t\t<\/div>\n\t\t\t\t<div class=\"elementor-element elementor-element-4eba06b elementor-align-center elementor-button-info elementor-widget elementor-widget-button\" data-id=\"4eba06b\" data-element_type=\"widget\" data-e-type=\"widget\" data-widget_type=\"button.default\">\n\t\t\t\t<div class=\"elementor-widget-container\">\n\t\t\t\t\t\t\t\t\t<div class=\"elementor-button-wrapper\">\n\t\t\t\t\t<a class=\"elementor-button elementor-button-link elementor-size-sm\" href=\"https:\/\/pilargomezalvarez.com\/es\/contact\/\" target=\"_blank\">\n\t\t\t\t\t\t<span class=\"elementor-button-content-wrapper\">\n\t\t\t\t\t\t\t\t\t<span class=\"elementor-button-text\">Contacto<\/span>\n\t\t\t\t\t<\/span>\n\t\t\t\t\t<\/a>\n\t\t\t\t<\/div>\n\t\t\t\t\t\t\t\t<\/div>\n\t\t\t\t<\/div>\n\t\t\t\t<\/div>\n\t\t\t\t<\/div>","protected":false},"excerpt":{"rendered":"<p>Hello! I\u2019m Pilar I&#8217;m an astrologer with a psychological and evolutionary approach. I am deeply passionate about self-knowledge, personal development, creativity, health, and mindset. Originally from Chile, I\u2019ve been living in Switzerland for over 10 years.\u00a0Here, I\u2019ve uncovered new layers of myself\u2014thanks in large part to astrology. My Journey With Astrology Astrology has interested me [&hellip;]<\/p>\n","protected":false},"author":1,"featured_media":0,"parent":0,"menu_order":0,"comment_status":"closed","ping_status":"closed","template":"elementor_header_footer","meta":{"footnotes":""},"class_list":["post-23","page","type-page","status-publish","hentry"],"yoast_head":"<!-- This site is optimized with the Yoast SEO plugin v27.4 - https:\/\/yoast.com\/product\/yoast-seo-wordpress\/ -->\n<title>About Pilar - Astrology For Personal Growth<\/title>\n<meta name=\"robots\" content=\"index, follow, max-snippet:-1, max-image-preview:large, max-video-preview:-1\" \/>\n<link rel=\"canonical\" href=\"https:\/\/pilargomezalvarez.com\/es\/sobre-mi\/\" \/>\n<meta property=\"og:locale\" content=\"es_ES\" \/>\n<meta property=\"og:type\" content=\"article\" \/>\n<meta property=\"og:title\" content=\"About Pilar - Astrology For Personal Growth\" \/>\n<meta property=\"og:description\" content=\"Hello! I\u2019m Pilar I&#8217;m an astrologer with a psychological and evolutionary approach. I am deeply passionate about self-knowledge, personal development, creativity, health, and mindset. Originally from Chile, I\u2019ve been living in Switzerland for over 10 years.\u00a0Here, I\u2019ve uncovered new layers of myself\u2014thanks in large part to astrology. My Journey With Astrology Astrology has interested me [&hellip;]\" \/>\n<meta property=\"og:url\" content=\"https:\/\/pilargomezalvarez.com\/es\/sobre-mi\/\" \/>\n<meta property=\"og:site_name\" content=\"Astrology For Personal Growth\" \/>\n<meta property=\"article:modified_time\" content=\"2025-11-25T17:35:59+00:00\" \/>\n<meta property=\"og:image\" content=\"https:\/\/pilargomezalvarez.com\/wp-content\/uploads\/pilar-02-No-background-1024x676.png\" \/>\n\t<meta property=\"og:image:width\" content=\"1024\" \/>\n\t<meta property=\"og:image:height\" content=\"676\" \/>\n\t<meta property=\"og:image:type\" content=\"image\/png\" \/>\n<meta name=\"twitter:card\" content=\"summary_large_image\" \/>\n<meta name=\"twitter:label1\" content=\"Tiempo estimado de lectura\" \/>\n\t<meta name=\"twitter:data1\" content=\"3 minutos\" \/>\n<script type=\"application\/ld+json\" class=\"yoast-schema-graph\">{\"@context\":\"https:\\\/\\\/schema.org\",\"@graph\":[{\"@type\":\"WebPage\",\"@id\":\"https:\\\/\\\/pilargomezalvarez.com\\\/sobre-mi\\\/\",\"url\":\"https:\\\/\\\/pilargomezalvarez.com\\\/sobre-mi\\\/\",\"name\":\"About Pilar - Astrology For Personal Growth\",\"isPartOf\":{\"@id\":\"https:\\\/\\\/pilargomezalvarez.com\\\/#website\"},\"primaryImageOfPage\":{\"@id\":\"https:\\\/\\\/pilargomezalvarez.com\\\/sobre-mi\\\/#primaryimage\"},\"image\":{\"@id\":\"https:\\\/\\\/pilargomezalvarez.com\\\/sobre-mi\\\/#primaryimage\"},\"thumbnailUrl\":\"https:\\\/\\\/pilargomezalvarez.com\\\/wp-content\\\/uploads\\\/pilar-02-No-background.png\",\"datePublished\":\"2025-05-28T14:06:18+00:00\",\"dateModified\":\"2025-11-25T17:35:59+00:00\",\"breadcrumb\":{\"@id\":\"https:\\\/\\\/pilargomezalvarez.com\\\/sobre-mi\\\/#breadcrumb\"},\"inLanguage\":\"es-CL\",\"potentialAction\":[{\"@type\":\"ReadAction\",\"target\":[\"https:\\\/\\\/pilargomezalvarez.com\\\/sobre-mi\\\/\"]}]},{\"@type\":\"ImageObject\",\"inLanguage\":\"es-CL\",\"@id\":\"https:\\\/\\\/pilargomezalvarez.com\\\/sobre-mi\\\/#primaryimage\",\"url\":\"https:\\\/\\\/pilargomezalvarez.com\\\/wp-content\\\/uploads\\\/pilar-02-No-background.png\",\"contentUrl\":\"https:\\\/\\\/pilargomezalvarez.com\\\/wp-content\\\/uploads\\\/pilar-02-No-background.png\"},{\"@type\":\"BreadcrumbList\",\"@id\":\"https:\\\/\\\/pilargomezalvarez.com\\\/sobre-mi\\\/#breadcrumb\",\"itemListElement\":[{\"@type\":\"ListItem\",\"position\":1,\"name\":\"Portada\",\"item\":\"https:\\\/\\\/pilargomezalvarez.com\\\/\"},{\"@type\":\"ListItem\",\"position\":2,\"name\":\"About Pilar\"}]},{\"@type\":\"WebSite\",\"@id\":\"https:\\\/\\\/pilargomezalvarez.com\\\/#website\",\"url\":\"https:\\\/\\\/pilargomezalvarez.com\\\/\",\"name\":\"Astrology For Personal Growth\",\"description\":\"Inspiring Self-discovery; Enlightening your journey.\",\"potentialAction\":[{\"@type\":\"SearchAction\",\"target\":{\"@type\":\"EntryPoint\",\"urlTemplate\":\"https:\\\/\\\/pilargomezalvarez.com\\\/?s={search_term_string}\"},\"query-input\":{\"@type\":\"PropertyValueSpecification\",\"valueRequired\":true,\"valueName\":\"search_term_string\"}}],\"inLanguage\":\"es-CL\"}]}<\/script>\n<!-- \/ Yoast SEO plugin. -->","yoast_head_json":{"title":"About Pilar - Astrology For Personal Growth","robots":{"index":"index","follow":"follow","max-snippet":"max-snippet:-1","max-image-preview":"max-image-preview:large","max-video-preview":"max-video-preview:-1"},"canonical":"https:\/\/pilargomezalvarez.com\/es\/sobre-mi\/","og_locale":"es_ES","og_type":"article","og_title":"About Pilar - Astrology For Personal Growth","og_description":"Hello! I\u2019m Pilar I&#8217;m an astrologer with a psychological and evolutionary approach. I am deeply passionate about self-knowledge, personal development, creativity, health, and mindset. Originally from Chile, I\u2019ve been living in Switzerland for over 10 years.\u00a0Here, I\u2019ve uncovered new layers of myself\u2014thanks in large part to astrology. My Journey With Astrology Astrology has interested me [&hellip;]","og_url":"https:\/\/pilargomezalvarez.com\/es\/sobre-mi\/","og_site_name":"Astrology For Personal Growth","article_modified_time":"2025-11-25T17:35:59+00:00","og_image":[{"width":1024,"height":676,"url":"https:\/\/pilargomezalvarez.com\/wp-content\/uploads\/pilar-02-No-background-1024x676.png","type":"image\/png"}],"twitter_card":"summary_large_image","twitter_misc":{"Tiempo estimado de lectura":"3 minutos"},"schema":{"@context":"https:\/\/schema.org","@graph":[{"@type":"WebPage","@id":"https:\/\/pilargomezalvarez.com\/sobre-mi\/","url":"https:\/\/pilargomezalvarez.com\/sobre-mi\/","name":"About Pilar - Astrology For Personal Growth","isPartOf":{"@id":"https:\/\/pilargomezalvarez.com\/#website"},"primaryImageOfPage":{"@id":"https:\/\/pilargomezalvarez.com\/sobre-mi\/#primaryimage"},"image":{"@id":"https:\/\/pilargomezalvarez.com\/sobre-mi\/#primaryimage"},"thumbnailUrl":"https:\/\/pilargomezalvarez.com\/wp-content\/uploads\/pilar-02-No-background.png","datePublished":"2025-05-28T14:06:18+00:00","dateModified":"2025-11-25T17:35:59+00:00","breadcrumb":{"@id":"https:\/\/pilargomezalvarez.com\/sobre-mi\/#breadcrumb"},"inLanguage":"es-CL","potentialAction":[{"@type":"ReadAction","target":["https:\/\/pilargomezalvarez.com\/sobre-mi\/"]}]},{"@type":"ImageObject","inLanguage":"es-CL","@id":"https:\/\/pilargomezalvarez.com\/sobre-mi\/#primaryimage","url":"https:\/\/pilargomezalvarez.com\/wp-content\/uploads\/pilar-02-No-background.png","contentUrl":"https:\/\/pilargomezalvarez.com\/wp-content\/uploads\/pilar-02-No-background.png"},{"@type":"BreadcrumbList","@id":"https:\/\/pilargomezalvarez.com\/sobre-mi\/#breadcrumb","itemListElement":[{"@type":"ListItem","position":1,"name":"Portada","item":"https:\/\/pilargomezalvarez.com\/"},{"@type":"ListItem","position":2,"name":"About Pilar"}]},{"@type":"WebSite","@id":"https:\/\/pilargomezalvarez.com\/#website","url":"https:\/\/pilargomezalvarez.com\/","name":"Astrology For Personal Growth","description":"Inspiring Self-discovery; Enlightening your journey.","potentialAction":[{"@type":"SearchAction","target":{"@type":"EntryPoint","urlTemplate":"https:\/\/pilargomezalvarez.com\/?s={search_term_string}"},"query-input":{"@type":"PropertyValueSpecification","valueRequired":true,"valueName":"search_term_string"}}],"inLanguage":"es-CL"}]}},"_links":{"self":[{"href":"https:\/\/pilargomezalvarez.com\/es\/wp-json\/wp\/v2\/pages\/23","targetHints":{"allow":["GET"]}}],"collection":[{"href":"https:\/\/pilargomezalvarez.com\/es\/wp-json\/wp\/v2\/pages"}],"about":[{"href":"https:\/\/pilargomezalvarez.com\/es\/wp-json\/wp\/v2\/types\/page"}],"author":[{"embeddable":true,"href":"https:\/\/pilargomezalvarez.com\/es\/wp-json\/wp\/v2\/users\/1"}],"replies":[{"embeddable":true,"href":"https:\/\/pilargomezalvarez.com\/es\/wp-json\/wp\/v2\/comments?post=23"}],"version-history":[{"count":136,"href":"https:\/\/pilargomezalvarez.com\/es\/wp-json\/wp\/v2\/pages\/23\/revisions"}],"predecessor-version":[{"id":1457,"href":"https:\/\/pilargomezalvarez.com\/es\/wp-json\/wp\/v2\/pages\/23\/revisions\/1457"}],"wp:attachment":[{"href":"https:\/\/pilargomezalvarez.com\/es\/wp-json\/wp\/v2\/media?parent=23"}],"curies":[{"name":"wp","href":"https:\/\/api.w.org\/{rel}","templated":true}]}}